{"id":676,"date":"2018-09-12T04:47:25","date_gmt":"2018-09-12T04:47:25","guid":{"rendered":"https:\/\/victorthemes.com\/themes\/cascara\/?page_id=676"},"modified":"2022-03-24T20:49:30","modified_gmt":"2022-03-24T20:49:30","slug":"contact-page-two","status":"publish","type":"page","link":"https:\/\/zipodemos.ahm-honduras.com\/?page_id=676","title":{"rendered":"Cont\u00e1ctenos"},"content":{"rendered":"<p>[vc_row full_width=\u00bbstretch_row_content\u00bb content_placement=\u00bbmiddle\u00bb overlay_dotted=\u00bb\u00bb][vc_column width=\u00bb1\/2&#8243;][vc_gmaps link=\u00bb#E-8_JTNDaWZyYW1lJTIwc3JjJTNEJTIyaHR0cHMlM0ElMkYlMkZ3d3cuZ29vZ2xlLmNvbSUyRm1hcHMlMkZlbWJlZCUzRnBiJTNEJTIxMW0xOCUyMTFtMTIlMjExbTMlMjExZDM4NDMuNTYyNDUyMTk2NTY3NCUyMTJkLTg4LjAyMzQ3NDY4NDI3NjY1JTIxM2QxNS41NjE1Njk1NTY5NzM1MTUlMjEybTMlMjExZjAlMjEyZjAlMjEzZjAlMjEzbTIlMjExaTEwMjQlMjEyaTc2OCUyMTRmMTMuMSUyMTNtMyUyMTFtMiUyMTFzMHg4ZjY2NWJjZmM5Y2ZkYTg3JTI1M0EweDYwYzM4Mzg4NGEyYjk3NjIlMjEyc0Fzb2NpYWNpJTI1QzMlMjVCM24lMjUyMEhvbmR1cmUlMjVDMyUyNUIxYSUyNTIwZGUlMjUyME1hcXVpbGFkb3JlcyUyMTVlMCUyMTNtMiUyMTFzZW4lMjEyc2huJTIxNHYxNjQ4MTU0ODU2OTQ1JTIxNW0yJTIxMXNlbiUyMTJzaG4lMjIlMjB3aWR0aCUzRCUyMjYwMCUyMiUyMGhlaWdodCUzRCUyMjgwMCUyMiUyMHN0eWxlJTNEJTIyYm9yZGVyJTNBMCUzQiUyMiUyMGFsbG93ZnVsbHNjcmVlbiUzRCUyMiUyMiUyMGxvYWRpbmclM0QlMjJsYXp5JTIyJTIwcmVmZXJyZXJwb2xpY3klM0QlMjJuby1yZWZlcnJlci13aGVuLWRvd25ncmFkZSUyMiUzRSUzQyUyRmlmcmFtZSUzRQ==\u00bb][\/vc_column][vc_column width=\u00bb1\/2&#8243; css=\u00bb.vc_custom_1537190547716{padding-top: 2% !important;}\u00bb][cascara_section_title title_align=\u00bbleft\u00bb title_text=\u00bbPara anunciarse o m\u00e1s informaci\u00f3n:\u00bb title_size=\u00bb28px\u00bb title_btm_space=\u00bb40&#8243;][vc_row_inner][vc_column_inner css=\u00bb.vc_custom_1536757571371{padding-bottom: 30px !important;}\u00bb][cscra_address address_title=\u00bbOficinas:\u00bb address_content=\u00bbAsociaci\u00f3n Hondure\u00f1a de Maquiladores<br \/>\nAltia Smart City, San Pedro Sula, Cort\u00e9s<br \/>\nHonduras, C.A.\u00bb list_items=\u00bb%5B%7B%7D%5D\u00bb][vc_empty_space height=\u00bb20px\u00bb][cascara_about title_text=\u00bbTelefonos:\u00bb about_content=\u00bb+504 2516-9100<br \/>\n+504 9942-6229&#8243;][cscra_address address_title=\u00bbCorreo Electr\u00f3nico:\u00bb list_items=\u00bb%5B%7B%22list_text%22%3A%22zipodemos%40ahm-honduras.com%22%2C%22text_link%22%3A%22mailto%3Azipodemos%40ahm-honduras.com%22%7D%5D\u00bb][\/vc_column_inner][\/vc_row_inner][\/vc_column][\/vc_row]<\/p>\n","protected":false},"excerpt":{"rendered":"<p>[vc_row full_width=\u00bbstretch_row_content\u00bb content_placement=\u00bbmiddle\u00bb overlay_dotted=\u00bb\u00bb][vc_column width=\u00bb1\/2&#8243;][vc_gmaps link=\u00bb#E-8_JTNDaWZyYW1lJTIwc3JjJTNEJTIyaHR0cHMlM0ElMkYlMkZ3d3cuZ29vZ2xlLmNvbSUyRm1hcHMlMkZlbWJlZCUzRnBiJTNEJTIxMW0xOCUyMTFtMTIlMjExbTMlMjExZDM4NDMuNTYyNDUyMTk2NTY3NCUyMTJkLTg4LjAyMzQ3NDY4NDI3NjY1JTIxM2QxNS41NjE1Njk1NTY5NzM1MTUlMjEybTMlMjExZjAlMjEyZjAlMjEzZjAlMjEzbTIlMjExaTEwMjQlMjEyaTc2OCUyMTRmMTMuMSUyMTNtMyUyMTFtMiUyMTFzMHg4ZjY2NWJjZmM5Y2ZkYTg3JTI1M0EweDYwYzM4Mzg4NGEyYjk3NjIlMjEyc0Fzb2NpYWNpJTI1QzMlMjVCM24lMjUyMEhvbmR1cmUlMjVDMyUyNUIxYSUyNTIwZGUlMjUyME1hcXVpbGFkb3JlcyUyMTVlMCUyMTNtMiUyMTFzZW4lMjEyc2huJTIxNHYxNjQ4MTU0ODU2OTQ1JTIxNW0yJTIxMXNlbiUyMTJzaG4lMjIlMjB3aWR0aCUzRCUyMjYwMCUyMiUyMGhlaWdodCUzRCUyMjgwMCUyMiUyMHN0eWxlJTNEJTIyYm9yZGVyJTNBMCUzQiUyMiUyMGFsbG93ZnVsbHNjcmVlbiUzRCUyMiUyMiUyMGxvYWRpbmclM0QlMjJsYXp5JTIyJTIwcmVmZXJyZXJwb2xpY3klM0QlMjJuby1yZWZlcnJlci13aGVuLWRvd25ncmFkZSUyMiUzRSUzQyUyRmlmcmFtZSUzRQ==\u00bb][\/vc_column][vc_column width=\u00bb1\/2&#8243; css=\u00bb.vc_custom_1537190547716{padding-top: 2% !important;}\u00bb][cascara_section_title title_align=\u00bbleft\u00bb title_text=\u00bbPara anunciarse o m\u00e1s informaci\u00f3n:\u00bb title_size=\u00bb28px\u00bb title_btm_space=\u00bb40&#8243;][vc_row_inner][vc_column_inner css=\u00bb.vc_custom_1536757571371{padding-bottom: 30px !important;}\u00bb][cscra_address address_title=\u00bbOficinas:\u00bb address_content=\u00bbAsociaci\u00f3n Hondure\u00f1a de Maquiladores Altia Smart City, San Pedro Sula, Cort\u00e9s Honduras, C.A.\u00bb list_items=\u00bb%5B%7B%7D%5D\u00bb][vc_empty_space height=\u00bb20px\u00bb][cascara_about title_text=\u00bbTelefonos:\u00bb about_content=\u00bb+504 2516-9100 +504 9942-6229&#8243;][cscra_address address_title=\u00bbCorreo Electr\u00f3nico:\u00bb list_items=\u00bb%5B%7B%22list_text%22%3A%22zipodemos%40ahm-honduras.com%22%2C%22text_link%22%3A%22mailto%3Azipodemos%40ahm-honduras.com%22%7D%5D\u00bb][\/vc_column_inner][\/vc_row_inner][\/vc_column][\/vc_row]<\/p>\n","protected":false},"author":2,"featured_media":0,"parent":0,"menu_order":0,"comment_status":"closed","ping_status":"closed","template":"","meta":{"slim_seo":{"title":"Cont\u00e1ctenos - ZIPodemos","description":"[vc_row full_width=\"stretch_row_content\" content_placement=\"middle\" overlay_dotted=\"\"][vc_column width=\"1\/2\"][vc_gmaps link=\"#E-8_JTNDaWZyYW1lJTIwc3JjJTNEJTIyaH"},"footnotes":""},"class_list":["post-676","page","type-page","status-publish","hentry"],"_links":{"self":[{"href":"https:\/\/zipodemos.ahm-honduras.com\/index.php?rest_route=\/wp\/v2\/pages\/676","targetHints":{"allow":["GET"]}}],"collection":[{"href":"https:\/\/zipodemos.ahm-honduras.com\/index.php?rest_route=\/wp\/v2\/pages"}],"about":[{"href":"https:\/\/zipodemos.ahm-honduras.com\/index.php?rest_route=\/wp\/v2\/types\/page"}],"author":[{"embeddable":true,"href":"https:\/\/zipodemos.ahm-honduras.com\/index.php?rest_route=\/wp\/v2\/users\/2"}],"replies":[{"embeddable":true,"href":"https:\/\/zipodemos.ahm-honduras.com\/index.php?rest_route=%2Fwp%2Fv2%2Fcomments&post=676"}],"version-history":[{"count":0,"href":"https:\/\/zipodemos.ahm-honduras.com\/index.php?rest_route=\/wp\/v2\/pages\/676\/revisions"}],"wp:attachment":[{"href":"https:\/\/zipodemos.ahm-honduras.com\/index.php?rest_route=%2Fwp%2Fv2%2Fmedia&parent=676"}],"curies":[{"name":"wp","href":"https:\/\/api.w.org\/{rel}","templated":true}]}}